{"id":3211,"date":"2024-01-26T22:16:48","date_gmt":"2024-01-26T22:16:48","guid":{"rendered":"https:\/\/dalucci.phrix-club.de\/?page_id=3211"},"modified":"2024-01-26T22:32:52","modified_gmt":"2024-01-26T22:32:52","slug":"speisebereich","status":"publish","type":"page","link":"https:\/\/dalucci.de\/index.php\/speisebereich\/","title":{"rendered":"Speisebereich"},"content":{"rendered":"\t\t<div data-elementor-type=\"wp-page\" data-elementor-id=\"3211\" class=\"elementor elementor-3211\">\n\t\t\t\t<div class=\"elementor-element elementor-element-7647c46 e-con-full e-flex e-con e-parent\" data-id=\"7647c46\" data-element_type=\"container\" data-e-type=\"container\">\n\t\t<div class=\"elementor-element elementor-element-e2268de e-con-full e-flex e-con e-child\" data-id=\"e2268de\" data-element_type=\"container\" data-e-type=\"container\">\n\t\t\t\t<div class=\"elementor-element elementor-element-58a3b57 elementor-widget elementor-widget-image\" data-id=\"58a3b57\" data-element_type=\"widget\" data-e-type=\"widget\" data-widget_type=\"image.default\">\n\t\t\t\t<div class=\"elementor-widget-container\">\n\t\t\t\t\t\t\t\t\t\t\t\t\t\t\t\t<a href=\"https:\/\/dalucci.de\/wp-content\/uploads\/2024\/01\/29596_577843545565660_126976460_n.jpg\" data-elementor-open-lightbox=\"yes\" data-elementor-lightbox-title=\"29596_577843545565660_126976460_n\" data-e-action-hash=\"#elementor-action%3Aaction%3Dlightbox%26settings%3DeyJpZCI6MzIxMywidXJsIjoiaHR0cHM6XC9cL2RhbHVjY2kuZGVcL3dwLWNvbnRlbnRcL3VwbG9hZHNcLzIwMjRcLzAxXC8yOTU5Nl81Nzc4NDM1NDU1NjU2NjBfMTI2OTc2NDYwX24uanBnIn0%3D\">\n\t\t\t\t\t\t\t<img fetchpriority=\"high\" decoding=\"async\" width=\"751\" height=\"563\" src=\"https:\/\/dalucci.de\/wp-content\/uploads\/2024\/01\/29596_577843545565660_126976460_n.jpg\" class=\"attachment-large size-large wp-image-3213\" alt=\"\" srcset=\"https:\/\/dalucci.de\/wp-content\/uploads\/2024\/01\/29596_577843545565660_126976460_n.jpg 960w, https:\/\/dalucci.de\/wp-content\/uploads\/2024\/01\/29596_577843545565660_126976460_n-300x225.jpg 300w, https:\/\/dalucci.de\/wp-content\/uploads\/2024\/01\/29596_577843545565660_126976460_n-768x576.jpg 768w\" sizes=\"(max-width: 751px) 100vw, 751px\" \/>\t\t\t\t\t\t\t\t<\/a>\n\t\t\t\t\t\t\t\t\t\t\t\t\t\t\t<\/div>\n\t\t\t\t<\/div>\n\t\t\t\t<\/div>\n\t\t<div class=\"elementor-element elementor-element-bb4c445 e-con-full e-flex e-con e-child\" data-id=\"bb4c445\" data-element_type=\"container\" data-e-type=\"container\">\n\t\t\t\t<div class=\"elementor-element elementor-element-090a415 elementor-widget elementor-widget-image\" data-id=\"090a415\" data-element_type=\"widget\" data-e-type=\"widget\" data-widget_type=\"image.default\">\n\t\t\t\t<div class=\"elementor-widget-container\">\n\t\t\t\t\t\t\t\t\t\t\t\t\t\t\t\t<a href=\"https:\/\/dalucci.de\/wp-content\/uploads\/2024\/01\/11203145_1399870567006488_4762263946990195013_n.jpg\" data-elementor-open-lightbox=\"yes\" data-elementor-lightbox-title=\"11203145_1399870567006488_4762263946990195013_n\" data-e-action-hash=\"#elementor-action%3Aaction%3Dlightbox%26settings%3DeyJpZCI6MzIxNCwidXJsIjoiaHR0cHM6XC9cL2RhbHVjY2kuZGVcL3dwLWNvbnRlbnRcL3VwbG9hZHNcLzIwMjRcLzAxXC8xMTIwMzE0NV8xMzk5ODcwNTY3MDA2NDg4XzQ3NjIyNjM5NDY5OTAxOTUwMTNfbi5qcGcifQ%3D%3D\">\n\t\t\t\t\t\t\t<img decoding=\"async\" width=\"751\" height=\"563\" src=\"https:\/\/dalucci.de\/wp-content\/uploads\/2024\/01\/11203145_1399870567006488_4762263946990195013_n.jpg\" class=\"attachment-large size-large wp-image-3214\" alt=\"\" srcset=\"https:\/\/dalucci.de\/wp-content\/uploads\/2024\/01\/11203145_1399870567006488_4762263946990195013_n.jpg 960w, https:\/\/dalucci.de\/wp-content\/uploads\/2024\/01\/11203145_1399870567006488_4762263946990195013_n-300x225.jpg 300w, https:\/\/dalucci.de\/wp-content\/uploads\/2024\/01\/11203145_1399870567006488_4762263946990195013_n-768x576.jpg 768w\" sizes=\"(max-width: 751px) 100vw, 751px\" \/>\t\t\t\t\t\t\t\t<\/a>\n\t\t\t\t\t\t\t\t\t\t\t\t\t\t\t<\/div>\n\t\t\t\t<\/div>\n\t\t\t\t<\/div>\n\t\t<div class=\"elementor-element elementor-element-3769fa7 e-con-full e-flex e-con e-child\" data-id=\"3769fa7\" data-element_type=\"container\" data-e-type=\"container\">\n\t\t\t\t<div class=\"elementor-element elementor-element-6d045f3 elementor-widget elementor-widget-image\" data-id=\"6d045f3\" data-element_type=\"widget\" data-e-type=\"widget\" data-widget_type=\"image.default\">\n\t\t\t\t<div class=\"elementor-widget-container\">\n\t\t\t\t\t\t\t\t\t\t\t\t\t\t\t\t<a href=\"https:\/\/dalucci.de\/wp-content\/uploads\/2024\/01\/10360533_1399870457006499_7036806913178154938_n.jpg\" data-elementor-open-lightbox=\"yes\" data-elementor-lightbox-title=\"10360533_1399870457006499_7036806913178154938_n\" data-e-action-hash=\"#elementor-action%3Aaction%3Dlightbox%26settings%3DeyJpZCI6MzIxNSwidXJsIjoiaHR0cHM6XC9cL2RhbHVjY2kuZGVcL3dwLWNvbnRlbnRcL3VwbG9hZHNcLzIwMjRcLzAxXC8xMDM2MDUzM18xMzk5ODcwNDU3MDA2NDk5XzcwMzY4MDY5MTMxNzgxNTQ5Mzhfbi5qcGcifQ%3D%3D\">\n\t\t\t\t\t\t\t<img decoding=\"async\" width=\"751\" height=\"563\" src=\"https:\/\/dalucci.de\/wp-content\/uploads\/2024\/01\/10360533_1399870457006499_7036806913178154938_n.jpg\" class=\"attachment-large size-large wp-image-3215\" alt=\"\" srcset=\"https:\/\/dalucci.de\/wp-content\/uploads\/2024\/01\/10360533_1399870457006499_7036806913178154938_n.jpg 960w, https:\/\/dalucci.de\/wp-content\/uploads\/2024\/01\/10360533_1399870457006499_7036806913178154938_n-300x225.jpg 300w, https:\/\/dalucci.de\/wp-content\/uploads\/2024\/01\/10360533_1399870457006499_7036806913178154938_n-768x576.jpg 768w\" sizes=\"(max-width: 751px) 100vw, 751px\" \/>\t\t\t\t\t\t\t\t<\/a>\n\t\t\t\t\t\t\t\t\t\t\t\t\t\t\t<\/div>\n\t\t\t\t<\/div>\n\t\t\t\t<\/div>\n\t\t\t\t<\/div>\n\t\t<div class=\"elementor-element elementor-element-b954a56 e-flex e-con-boxed e-con e-parent\" data-id=\"b954a56\" data-element_type=\"container\" data-e-type=\"container\">\n\t\t\t\t\t<div class=\"e-con-inner\">\n\t\t<div class=\"elementor-element elementor-element-e628844 e-con-full e-flex e-con e-child\" data-id=\"e628844\" data-element_type=\"container\" data-e-type=\"container\">\n\t\t\t\t<div class=\"elementor-element elementor-element-010cef6 elementor-widget elementor-widget-text-editor\" data-id=\"010cef6\" data-element_type=\"widget\" data-e-type=\"widget\" data-widget_type=\"text-editor.default\">\n\t\t\t\t<div class=\"elementor-widget-container\">\n\t\t\t\t\t\t\t\t\t<p style=\"text-align: center;\"><span style=\"color: #000000;\">Um allen Anspr\u00fcchen unserer G\u00e4ste gerecht zu werden, erwartet Sie in unserem Restaurant ein gem\u00fctlich ausgestatteter Speisebereich mit einladender Theke.Wir pr\u00e4sentieren Ihnen eine reichhaltige Auswahl an italienischen Spezialit\u00e4ten.<\/span><\/p>\t\t\t\t\t\t\t\t<\/div>\n\t\t\t\t<\/div>\n\t\t\t\t<\/div>\n\t\t<div class=\"elementor-element elementor-element-2c600ce e-con-full e-flex e-con e-child\" data-id=\"2c600ce\" data-element_type=\"container\" data-e-type=\"container\">\n\t\t\t\t<div class=\"elementor-element elementor-element-c5675df elementor-widget elementor-widget-image\" data-id=\"c5675df\" data-element_type=\"widget\" data-e-type=\"widget\" data-widget_type=\"image.default\">\n\t\t\t\t<div class=\"elementor-widget-container\">\n\t\t\t\t\t\t\t\t\t\t\t\t\t\t\t\t<a href=\"https:\/\/dalucci.de\/wp-content\/uploads\/2024\/01\/10.jpg\" data-elementor-open-lightbox=\"yes\" data-elementor-lightbox-title=\"10\" data-e-action-hash=\"#elementor-action%3Aaction%3Dlightbox%26settings%3DeyJpZCI6MzIxNiwidXJsIjoiaHR0cHM6XC9cL2RhbHVjY2kuZGVcL3dwLWNvbnRlbnRcL3VwbG9hZHNcLzIwMjRcLzAxXC8xMC5qcGcifQ%3D%3D\">\n\t\t\t\t\t\t\t<img loading=\"lazy\" decoding=\"async\" width=\"751\" height=\"563\" src=\"https:\/\/dalucci.de\/wp-content\/uploads\/2024\/01\/10.jpg\" class=\"attachment-large size-large wp-image-3216\" alt=\"\" srcset=\"https:\/\/dalucci.de\/wp-content\/uploads\/2024\/01\/10.jpg 1024w, https:\/\/dalucci.de\/wp-content\/uploads\/2024\/01\/10-300x225.jpg 300w, https:\/\/dalucci.de\/wp-content\/uploads\/2024\/01\/10-768x576.jpg 768w\" sizes=\"(max-width: 751px) 100vw, 751px\" \/>\t\t\t\t\t\t\t\t<\/a>\n\t\t\t\t\t\t\t\t\t\t\t\t\t\t\t<\/div>\n\t\t\t\t<\/div>\n\t\t\t\t<\/div>\n\t\t<div class=\"elementor-element elementor-element-a9cf4ec e-con-full e-flex e-con e-child\" data-id=\"a9cf4ec\" data-element_type=\"container\" data-e-type=\"container\">\n\t\t\t\t<div class=\"elementor-element elementor-element-4bf1236 elementor-widget elementor-widget-text-editor\" data-id=\"4bf1236\" data-element_type=\"widget\" data-e-type=\"widget\" data-widget_type=\"text-editor.default\">\n\t\t\t\t<div class=\"elementor-widget-container\">\n\t\t\t\t\t\t\t\t\t<p><span style=\"color: #000000;\">Ansprechende Raumaufteilung<\/span><\/p><p><span style=\"color: #000000;\">Passende Tischdekoration f\u00fcr das perfekte Ambiente<\/span><\/p>\t\t\t\t\t\t\t\t<\/div>\n\t\t\t\t<\/div>\n\t\t\t\t<\/div>\n\t\t<div class=\"elementor-element elementor-element-1bc63f3 e-con-full e-flex e-con e-child\" data-id=\"1bc63f3\" data-element_type=\"container\" data-e-type=\"container\">\n\t\t\t\t<div class=\"elementor-element elementor-element-c3de77f elementor-widget elementor-widget-image\" data-id=\"c3de77f\" data-element_type=\"widget\" data-e-type=\"widget\" data-widget_type=\"image.default\">\n\t\t\t\t<div class=\"elementor-widget-container\">\n\t\t\t\t\t\t\t\t\t\t\t\t\t\t\t\t<a href=\"https:\/\/dalucci.de\/wp-content\/uploads\/2024\/01\/2.jpg\" data-elementor-open-lightbox=\"yes\" data-elementor-lightbox-title=\"2\" data-e-action-hash=\"#elementor-action%3Aaction%3Dlightbox%26settings%3DeyJpZCI6MzIxNywidXJsIjoiaHR0cHM6XC9cL2RhbHVjY2kuZGVcL3dwLWNvbnRlbnRcL3VwbG9hZHNcLzIwMjRcLzAxXC8yLmpwZyJ9\">\n\t\t\t\t\t\t\t<img loading=\"lazy\" decoding=\"async\" width=\"751\" height=\"563\" src=\"https:\/\/dalucci.de\/wp-content\/uploads\/2024\/01\/2.jpg\" class=\"attachment-large size-large wp-image-3217\" alt=\"\" srcset=\"https:\/\/dalucci.de\/wp-content\/uploads\/2024\/01\/2.jpg 1024w, https:\/\/dalucci.de\/wp-content\/uploads\/2024\/01\/2-300x225.jpg 300w, https:\/\/dalucci.de\/wp-content\/uploads\/2024\/01\/2-768x576.jpg 768w\" sizes=\"(max-width: 751px) 100vw, 751px\" \/>\t\t\t\t\t\t\t\t<\/a>\n\t\t\t\t\t\t\t\t\t\t\t\t\t\t\t<\/div>\n\t\t\t\t<\/div>\n\t\t\t\t<\/div>\n\t\t\t\t\t<\/div>\n\t\t\t\t<\/div>\n\t\t<div class=\"elementor-element elementor-element-cf8d266 e-flex e-con-boxed e-con e-parent\" data-id=\"cf8d266\" data-element_type=\"container\" data-e-type=\"container\">\n\t\t\t\t\t<div class=\"e-con-inner\">\n\t\t<div class=\"elementor-element elementor-element-0dfd6e9 e-con-full e-flex e-con e-child\" data-id=\"0dfd6e9\" data-element_type=\"container\" data-e-type=\"container\">\n\t\t\t\t<\/div>\n\t\t<div class=\"elementor-element elementor-element-cd6b961 e-con-full e-flex e-con e-child\" data-id=\"cd6b961\" data-element_type=\"container\" data-e-type=\"container\">\n\t\t\t\t<div class=\"elementor-element elementor-element-9b02af3 elementor-widget elementor-widget-text-editor\" data-id=\"9b02af3\" data-element_type=\"widget\" data-e-type=\"widget\" data-widget_type=\"text-editor.default\">\n\t\t\t\t<div class=\"elementor-widget-container\">\n\t\t\t\t\t\t\t\t\t<p style=\"text-align: left;\"><span style=\"color: #000000;\">Ristorante Da Lucci im Laternchen bietet Ihnen in gem\u00fctlichem Ambiente ein kleines St\u00fcck italienischen Flair, so wie es in Italien gelebt wird.<\/span><br \/><span style=\"color: #000000;\">Una piccola familia f\u00fcr die Freundlichkeit und Gastlichkeit kein Fremdwort ist.<\/span><\/p>\t\t\t\t\t\t\t\t<\/div>\n\t\t\t\t<\/div>\n\t\t\t\t<\/div>\n\t\t<div class=\"elementor-element elementor-element-981720b e-con-full e-flex e-con e-child\" data-id=\"981720b\" data-element_type=\"container\" data-e-type=\"container\">\n\t\t\t\t<div class=\"elementor-element elementor-element-1e0fa4d elementor-widget elementor-widget-image\" data-id=\"1e0fa4d\" data-element_type=\"widget\" data-e-type=\"widget\" data-widget_type=\"image.default\">\n\t\t\t\t<div class=\"elementor-widget-container\">\n\t\t\t\t\t\t\t\t\t\t\t\t\t\t\t\t<a href=\"https:\/\/dalucci.de\/wp-content\/uploads\/2024\/01\/9.jpg\" data-elementor-open-lightbox=\"yes\" data-elementor-lightbox-title=\"9\" data-e-action-hash=\"#elementor-action%3Aaction%3Dlightbox%26settings%3DeyJpZCI6MzIxOCwidXJsIjoiaHR0cHM6XC9cL2RhbHVjY2kuZGVcL3dwLWNvbnRlbnRcL3VwbG9hZHNcLzIwMjRcLzAxXC85LmpwZyJ9\">\n\t\t\t\t\t\t\t<img loading=\"lazy\" decoding=\"async\" width=\"751\" height=\"563\" src=\"https:\/\/dalucci.de\/wp-content\/uploads\/2024\/01\/9.jpg\" class=\"attachment-large size-large wp-image-3218\" alt=\"\" srcset=\"https:\/\/dalucci.de\/wp-content\/uploads\/2024\/01\/9.jpg 1024w, https:\/\/dalucci.de\/wp-content\/uploads\/2024\/01\/9-300x225.jpg 300w, https:\/\/dalucci.de\/wp-content\/uploads\/2024\/01\/9-768x576.jpg 768w\" sizes=\"(max-width: 751px) 100vw, 751px\" \/>\t\t\t\t\t\t\t\t<\/a>\n\t\t\t\t\t\t\t\t\t\t\t\t\t\t\t<\/div>\n\t\t\t\t<\/div>\n\t\t\t\t<\/div>\n\t\t<div class=\"elementor-element elementor-element-6798b26 e-con-full e-flex e-con e-child\" data-id=\"6798b26\" data-element_type=\"container\" data-e-type=\"container\">\n\t\t\t\t<\/div>\n\t\t\t\t\t<\/div>\n\t\t\t\t<\/div>\n\t\t<div class=\"elementor-element elementor-element-4702156 e-flex e-con-boxed e-con e-parent\" data-id=\"4702156\" data-element_type=\"container\" data-e-type=\"container\">\n\t\t\t\t\t<div class=\"e-con-inner\">\n\t\t\t\t<div class=\"elementor-element elementor-element-f0f45e7 elementor-widget elementor-widget-heading\" data-id=\"f0f45e7\" data-element_type=\"widget\" data-e-type=\"widget\" data-widget_type=\"heading.default\">\n\t\t\t\t<div class=\"elementor-widget-container\">\n\t\t\t\t\t<h3 class=\"elementor-heading-title elementor-size-default\">La piccola familia<\/h3>\t\t\t\t<\/div>\n\t\t\t\t<\/div>\n\t\t\t\t\t<\/div>\n\t\t\t\t<\/div>\n\t\t\t\t<\/div>\n\t\t","protected":false},"excerpt":{"rendered":"<p>Um allen Anspr\u00fcchen unserer G\u00e4ste gerecht zu werden, erwartet Sie in unserem Restaurant ein gem\u00fctlich ausgestatteter Speisebereich mit einladender Theke.Wir pr\u00e4sentieren Ihnen eine reichhaltige Auswahl an italienischen Spezialit\u00e4ten. Ansprechende Raumaufteilung Passende Tischdekoration f\u00fcr das perfekte Ambiente Ristorante Da Lucci im Laternchen bietet Ihnen in gem\u00fctlichem Ambiente ein kleines St\u00fcck italienischen Flair, so wie es in&#8230;<\/p>\n","protected":false},"author":1,"featured_media":0,"parent":0,"menu_order":0,"comment_status":"closed","ping_status":"closed","template":"","meta":{"footnotes":""},"class_list":["post-3211","page","type-page","status-publish","hentry"],"_links":{"self":[{"href":"https:\/\/dalucci.de\/index.php\/wp-json\/wp\/v2\/pages\/3211","targetHints":{"allow":["GET"]}}],"collection":[{"href":"https:\/\/dalucci.de\/index.php\/wp-json\/wp\/v2\/pages"}],"about":[{"href":"https:\/\/dalucci.de\/index.php\/wp-json\/wp\/v2\/types\/page"}],"author":[{"embeddable":true,"href":"https:\/\/dalucci.de\/index.php\/wp-json\/wp\/v2\/users\/1"}],"replies":[{"embeddable":true,"href":"https:\/\/dalucci.de\/index.php\/wp-json\/wp\/v2\/comments?post=3211"}],"version-history":[{"count":5,"href":"https:\/\/dalucci.de\/index.php\/wp-json\/wp\/v2\/pages\/3211\/revisions"}],"predecessor-version":[{"id":3336,"href":"https:\/\/dalucci.de\/index.php\/wp-json\/wp\/v2\/pages\/3211\/revisions\/3336"}],"wp:attachment":[{"href":"https:\/\/dalucci.de\/index.php\/wp-json\/wp\/v2\/media?parent=3211"}],"curies":[{"name":"wp","href":"https:\/\/api.w.org\/{rel}","templated":true}]}}