{"id":3222,"date":"2024-01-26T22:33:20","date_gmt":"2024-01-26T22:33:20","guid":{"rendered":"https:\/\/dalucci.phrix-club.de\/?page_id=3222"},"modified":"2024-01-27T03:41:31","modified_gmt":"2024-01-27T03:41:31","slug":"ueber-uns","status":"publish","type":"page","link":"https:\/\/dalucci.de\/index.php\/ueber-uns\/","title":{"rendered":"\u00dcber Uns"},"content":{"rendered":"\t\t<div data-elementor-type=\"wp-page\" data-elementor-id=\"3222\" class=\"elementor elementor-3222\">\n\t\t\t\t<div class=\"elementor-element elementor-element-075b669 e-flex e-con-boxed e-con e-parent\" data-id=\"075b669\" data-element_type=\"container\" data-e-type=\"container\">\n\t\t\t\t\t<div class=\"e-con-inner\">\n\t\t<div class=\"elementor-element elementor-element-96a26db e-con-full e-flex e-con e-child\" data-id=\"96a26db\" data-element_type=\"container\" data-e-type=\"container\">\n\t\t\t\t<div class=\"elementor-element elementor-element-69150de elementor-widget elementor-widget-heading\" data-id=\"69150de\" data-element_type=\"widget\" data-e-type=\"widget\" data-widget_type=\"heading.default\">\n\t\t\t\t<div class=\"elementor-widget-container\">\n\t\t\t\t\t<h1 class=\"elementor-heading-title elementor-size-xxl\">\u00dcber Uns<\/h1>\t\t\t\t<\/div>\n\t\t\t\t<\/div>\n\t\t\t\t<div class=\"elementor-element elementor-element-8d726f3 elementor-widget elementor-widget-text-editor\" data-id=\"8d726f3\" data-element_type=\"widget\" data-e-type=\"widget\" data-widget_type=\"text-editor.default\">\n\t\t\t\t<div class=\"elementor-widget-container\">\n\t\t\t\t\t\t\t\t\t<p style=\"text-align: center;\">Im April 2009 er\u00f6ffnete Da Lucci im Picco Treff in K\u00f6ln-Holweide unter\u00a0 Leitung der Familie Lucci.<\/p><p style=\"text-align: center;\">Nach Umzug startet das Da Lucci\u00a0neu in K\u00f6ln \u2013 D\u00fcnnwald.<\/p><p style=\"text-align: center;\">Wir haben uns auf die originale italienische K\u00fcche spezialisiert. Dort werden die Speisen immer frisch und nach Originalrezepten aus der Heimat zubereitet.<\/p><p style=\"text-align: center;\">Weinspezialit\u00e4ten kommen direkt aus dem Anbaugebiet in Nord-Italien (Trient), ebenso k\u00f6stliche Grappas, die die leckeren Speisenangebote mit einem Espresso abschlie\u00dfen.<\/p><p style=\"text-align: center;\">Da Lucci im Laternchen bietet Ihnen den Raum, Ihre Feiern und Events auszurichten. Planen Sie gemeinsam mit dem Chef \u2026\u2026\u2026..<\/p><p style=\"text-align: center;\">Sprechen Sie uns an\u2026\u2026. Wir organisieren f\u00fcr Sie und Sie k\u00f6nnen sich Ihren G\u00e4sten widmen.<\/p><p>.<\/p>\t\t\t\t\t\t\t\t<\/div>\n\t\t\t\t<\/div>\n\t\t\t\t<\/div>\n\t\t<div class=\"elementor-element elementor-element-bc1ad45 e-con-full e-flex e-con e-child\" data-id=\"bc1ad45\" data-element_type=\"container\" data-e-type=\"container\">\n\t\t\t\t<div class=\"elementor-element elementor-element-a66acf7 elementor-widget elementor-widget-image\" data-id=\"a66acf7\" data-element_type=\"widget\" data-e-type=\"widget\" data-widget_type=\"image.default\">\n\t\t\t\t<div class=\"elementor-widget-container\">\n\t\t\t\t\t\t\t\t\t\t\t\t\t\t\t<img decoding=\"async\" width=\"751\" height=\"50\" src=\"https:\/\/dalucci.de\/wp-content\/uploads\/2024\/01\/trenner-768x51-1.png\" class=\"attachment-large size-large wp-image-3159\" alt=\"\" srcset=\"https:\/\/dalucci.de\/wp-content\/uploads\/2024\/01\/trenner-768x51-1.png 768w, https:\/\/dalucci.de\/wp-content\/uploads\/2024\/01\/trenner-768x51-1-300x20.png 300w\" sizes=\"(max-width: 751px) 100vw, 751px\" \/>\t\t\t\t\t\t\t\t\t\t\t\t\t\t\t<\/div>\n\t\t\t\t<\/div>\n\t\t\t\t<div class=\"elementor-element elementor-element-102ac60 elementor-widget elementor-widget-image\" data-id=\"102ac60\" data-element_type=\"widget\" data-e-type=\"widget\" data-widget_type=\"image.default\">\n\t\t\t\t<div class=\"elementor-widget-container\">\n\t\t\t\t\t\t\t\t\t\t\t\t\t\t\t\t<a href=\"https:\/\/dalucci.de\/wp-content\/uploads\/2024\/01\/team.jpg\" data-elementor-open-lightbox=\"no\">\n\t\t\t\t\t\t\t<img fetchpriority=\"high\" decoding=\"async\" width=\"260\" height=\"215\" src=\"https:\/\/dalucci.de\/wp-content\/uploads\/2024\/01\/team.jpg\" class=\"attachment-large size-large wp-image-3224\" alt=\"\" \/>\t\t\t\t\t\t\t\t<\/a>\n\t\t\t\t\t\t\t\t\t\t\t\t\t\t\t<\/div>\n\t\t\t\t<\/div>\n\t\t\t\t<div class=\"elementor-element elementor-element-005502a elementor-widget elementor-widget-image\" data-id=\"005502a\" data-element_type=\"widget\" data-e-type=\"widget\" data-widget_type=\"image.default\">\n\t\t\t\t<div class=\"elementor-widget-container\">\n\t\t\t\t\t\t\t\t\t\t\t\t\t\t\t<img decoding=\"async\" width=\"150\" height=\"150\" src=\"https:\/\/dalucci.de\/wp-content\/uploads\/2024\/01\/button.gif\" class=\"attachment-large size-large wp-image-3225\" alt=\"\" srcset=\"https:\/\/dalucci.de\/wp-content\/uploads\/2024\/01\/button.gif 150w, https:\/\/dalucci.de\/wp-content\/uploads\/2024\/01\/button-120x120.gif 120w\" sizes=\"(max-width: 150px) 100vw, 150px\" \/>\t\t\t\t\t\t\t\t\t\t\t\t\t\t\t<\/div>\n\t\t\t\t<\/div>\n\t\t\t\t<div class=\"elementor-element elementor-element-26e8ccf elementor-widget elementor-widget-image\" data-id=\"26e8ccf\" data-element_type=\"widget\" data-e-type=\"widget\" data-widget_type=\"image.default\">\n\t\t\t\t<div class=\"elementor-widget-container\">\n\t\t\t\t\t\t\t\t\t\t\t\t\t\t\t<img decoding=\"async\" width=\"751\" height=\"50\" src=\"https:\/\/dalucci.de\/wp-content\/uploads\/2024\/01\/trenner-768x51-1.png\" class=\"attachment-large size-large wp-image-3159\" alt=\"\" srcset=\"https:\/\/dalucci.de\/wp-content\/uploads\/2024\/01\/trenner-768x51-1.png 768w, https:\/\/dalucci.de\/wp-content\/uploads\/2024\/01\/trenner-768x51-1-300x20.png 300w\" sizes=\"(max-width: 751px) 100vw, 751px\" \/>\t\t\t\t\t\t\t\t\t\t\t\t\t\t\t<\/div>\n\t\t\t\t<\/div>\n\t\t\t\t<\/div>\n\t\t\t\t\t<\/div>\n\t\t\t\t<\/div>\n\t\t\t\t<\/div>\n\t\t","protected":false},"excerpt":{"rendered":"<p>\u00dcber Uns Im April 2009 er\u00f6ffnete Da Lucci im Picco Treff in K\u00f6ln-Holweide unter\u00a0 Leitung der Familie Lucci. Nach Umzug startet das Da Lucci\u00a0neu in K\u00f6ln \u2013 D\u00fcnnwald. Wir haben uns auf die originale italienische K\u00fcche spezialisiert. Dort werden die Speisen immer frisch und nach Originalrezepten aus der Heimat zubereitet. Weinspezialit\u00e4ten kommen direkt aus dem&#8230;<\/p>\n","protected":false},"author":1,"featured_media":0,"parent":0,"menu_order":0,"comment_status":"closed","ping_status":"closed","template":"","meta":{"footnotes":""},"class_list":["post-3222","page","type-page","status-publish","hentry"],"_links":{"self":[{"href":"https:\/\/dalucci.de\/index.php\/wp-json\/wp\/v2\/pages\/3222","targetHints":{"allow":["GET"]}}],"collection":[{"href":"https:\/\/dalucci.de\/index.php\/wp-json\/wp\/v2\/pages"}],"about":[{"href":"https:\/\/dalucci.de\/index.php\/wp-json\/wp\/v2\/types\/page"}],"author":[{"embeddable":true,"href":"https:\/\/dalucci.de\/index.php\/wp-json\/wp\/v2\/users\/1"}],"replies":[{"embeddable":true,"href":"https:\/\/dalucci.de\/index.php\/wp-json\/wp\/v2\/comments?post=3222"}],"version-history":[{"count":7,"href":"https:\/\/dalucci.de\/index.php\/wp-json\/wp\/v2\/pages\/3222\/revisions"}],"predecessor-version":[{"id":3365,"href":"https:\/\/dalucci.de\/index.php\/wp-json\/wp\/v2\/pages\/3222\/revisions\/3365"}],"wp:attachment":[{"href":"https:\/\/dalucci.de\/index.php\/wp-json\/wp\/v2\/media?parent=3222"}],"curies":[{"name":"wp","href":"https:\/\/api.w.org\/{rel}","templated":true}]}}